{"id":2,"date":"2024-07-19T07:11:06","date_gmt":"2024-07-19T07:11:06","guid":{"rendered":"https:\/\/pacciani.cz\/?page_id=2"},"modified":"2025-10-21T09:35:22","modified_gmt":"2025-10-21T09:35:22","slug":"sample-page","status":"publish","type":"page","link":"https:\/\/pacciani.cz\/","title":{"rendered":"Pacciani wood &#038; food"},"content":{"rendered":"<p>[et_pb_section fb_built=&#8220;1&#8243; fullwidth=&#8220;on&#8220; theme_builder_area=&#8220;post_content&#8220; _builder_version=&#8220;4.27.4&#8243; _module_preset=&#8220;default&#8220; hover_enabled=&#8220;0&#8243; sticky_enabled=&#8220;0&#8243;][et_pb_fullwidth_header _builder_version=&#8220;4.27.4&#8243; _module_preset=&#8220;default&#8220; theme_builder_area=&#8220;post_content&#8220; title_text=&#8220;pacciani-logo&#8220; logo_image_url=&#8220;https:\/\/pacciani.cz\/wp-content\/uploads\/2024\/07\/pacciani-logo.svg&#8220; background_image=&#8220;https:\/\/pacciani.cz\/wp-content\/uploads\/2025\/10\/IMG_2757-copy.webp&#8220; hover_enabled=&#8220;0&#8243; sticky_enabled=&#8220;0&#8243; subhead=&#8220;Va\u0161e o\u00e1za chut\u00ed v srdci Prahy.&#8220; text_orientation=&#8220;center&#8220; header_fullscreen=&#8220;on&#8220; header_scroll_down=&#8220;on&#8220; custom_css_title=&#8220;||background-color: rgba(0,0,0,0.5);||padding: 20px;||margin-top: 40px;&#8220; custom_css_subtitle=&#8220;||background-color: #F58220;||padding: 20px;&#8220; custom_css_content=&#8220;||background-color: rgba(0,0,0,0.5);||padding: 20px;&#8220; title_font_size=&#8220;57px&#8220; subhead_font_size=&#8220;31px&#8220; subhead_font=&#8220;|300|||||||&#8220; content_font_size=&#8220;24px&#8220; content_text_align=&#8220;center&#8220; content_line_height=&#8220;1.6em&#8220; use_background_color_gradient=&#8220;on&#8220; background_color_gradient_overlays_image=&#8220;on&#8220; background_color_gradient_stops=&#8220;rgba(0,0,0,0.49) 0%|rgba(0,0,0,0.34) 100%&#8220; parallax=&#8220;on&#8220;]<\/p>\n<p data-start=\"217\" data-end=\"399\">Sklenka v\u00fdjime\u010dn\u00e9ho v\u00edna, prav\u00e9 italsk\u00e9 speciality a v\u016fn\u011b \u010derstv\u00e9 k\u00e1vy \u2014 to v\u0161e v elegantn\u00ed atmosf\u00e9\u0159e s n\u00e1dechem It\u00e1lie.<\/p>\n<p>[\/et_pb_fullwidth_header][\/et_pb_section][et_pb_section fb_built=&#8220;1&#8243; theme_builder_area=&#8220;post_content&#8220; _builder_version=&#8220;4.27.4&#8243; _module_preset=&#8220;default&#8220;][et_pb_row _builder_version=&#8220;4.27.4&#8243; _module_preset=&#8220;default&#8220; column_structure=&#8220;1_2,1_2&#8243; theme_builder_area=&#8220;post_content&#8220;][et_pb_column _builder_version=&#8220;4.27.4&#8243; _module_preset=&#8220;default&#8220; type=&#8220;1_2&#8243; theme_builder_area=&#8220;post_content&#8220;][et_pb_image src=&#8220;https:\/\/pacciani.cz\/wp-content\/uploads\/2025\/10\/IMG_2842-copy.webp&#8220; _builder_version=&#8220;4.27.4&#8243; _module_preset=&#8220;default&#8220; theme_builder_area=&#8220;post_content&#8220; title_text=&#8220;IMG_2842 copy&#8220; hover_enabled=&#8220;0&#8243; sticky_enabled=&#8220;0&#8243;][\/et_pb_image][\/et_pb_column][et_pb_column _builder_version=&#8220;4.27.4&#8243; _module_preset=&#8220;default&#8220; type=&#8220;1_2&#8243; theme_builder_area=&#8220;post_content&#8220;][et_pb_blurb title=&#8220;Pacciani Wine &#038; Food &#8220; _builder_version=&#8220;4.27.4&#8243; _module_preset=&#8220;default&#8220; theme_builder_area=&#8220;post_content&#8220; hover_enabled=&#8220;0&#8243; sticky_enabled=&#8220;0&#8243;]<\/p>\n<p><strong data-start=\"429\" data-end=\"453\">Pacciani Wine &amp; Food<\/strong> je vin\u00e1rna, kter\u00e1 spojuje l\u00e1sku k v\u00ednu, italsk\u00e9mu \u017eivotn\u00edmu stylu a pohodov\u00e9 atmosf\u00e9\u0159e.<br data-start=\"541\" data-end=\"544\" \/>Najdete n\u00e1s v samotn\u00e9m centru Prahy, v m\u00edst\u011b, kde se zastav\u00ed \u010das a ka\u017ed\u00e1 n\u00e1v\u0161t\u011bva se prom\u011bn\u00ed v mal\u00fd gurm\u00e1nsk\u00fd z\u00e1\u017eitek.<br data-start=\"662\" data-end=\"665\" \/>Interi\u00e9r v origin\u00e1ln\u00edm <strong data-start=\"688\" data-end=\"708\">italsk\u00e9m designu<\/strong> nab\u00edz\u00ed \u00fatuln\u00e9 posezen\u00ed, ide\u00e1ln\u00ed pro romantick\u00fd ve\u010der, setk\u00e1n\u00ed s p\u0159\u00e1teli i klidnou chvilku po pr\u00e1ci.<br data-start=\"808\" data-end=\"811\" \/>V teplej\u0161\u00edch m\u011bs\u00edc\u00edch si m\u016f\u017eete vychutnat v\u00edno i venku \u2014 na <strong data-start=\"871\" data-end=\"908\">mal\u00e9 zahr\u00e1dce p\u0159\u00edmo p\u0159ed vin\u00e1rnou<\/strong>, kde se d\u00e1 pozorovat pulzuj\u00edc\u00ed pra\u017esk\u00e1 ulice se sklenkou v\u00edna v ruce.<\/p>\n<p>[\/et_pb_blurb][\/et_pb_column][\/et_pb_row][\/et_pb_section][et_pb_section fb_built=&#8220;1&#8243; specialty=&#8220;on&#8220; module_id_2=&#8220;kont&#8220; module_id=&#8220;kontakt&#8220; _builder_version=&#8220;4.27.0&#8243; _module_preset=&#8220;default&#8220; background_color=&#8220;#000000&#8243; global_colors_info=&#8220;{}&#8220;][et_pb_column type=&#8220;1_2&#8243; _builder_version=&#8220;4.16&#8243; custom_padding=&#8220;|||&#8220; global_colors_info=&#8220;{}&#8220; custom_padding__hover=&#8220;|||&#8220;][et_pb_image src=&#8220;https:\/\/pacciani.cz\/wp-content\/uploads\/2024\/07\/pacciani-logo.svg&#8220; title_text=&#8220;pacciani-logo&#8220; _builder_version=&#8220;4.27.0&#8243; _module_preset=&#8220;default&#8220; global_colors_info=&#8220;{}&#8220;][\/et_pb_image][\/et_pb_column][et_pb_column type=&#8220;1_2&#8243; specialty_columns=&#8220;2&#8243; _builder_version=&#8220;4.16&#8243; custom_padding=&#8220;|||&#8220; global_colors_info=&#8220;{}&#8220; custom_padding__hover=&#8220;|||&#8220;][et_pb_row_inner column_structure=&#8220;1_2,1_2&#8243; _builder_version=&#8220;4.27.0&#8243; _module_preset=&#8220;default&#8220; global_colors_info=&#8220;{}&#8220;][et_pb_column_inner type=&#8220;1_2&#8243; saved_specialty_column_type=&#8220;1_2&#8243; _builder_version=&#8220;4.27.0&#8243; _module_preset=&#8220;default&#8220; global_colors_info=&#8220;{}&#8220;][et_pb_text _builder_version=&#8220;4.27.0&#8243; _module_preset=&#8220;default&#8220; text_letter_spacing=&#8220;2px&#8220; background_layout=&#8220;dark&#8220; custom_padding=&#8220;20px|20px|20px|20px|true|true&#8220; border_width_left=&#8220;1px&#8220; border_color_left=&#8220;gcid-primary-color&#8220; global_colors_info=&#8220;{%22gcid-primary-color%22:%91%22border_color_left%22%93}&#8220;]<\/p>\n<p>Masn\u00e1 19<br \/>110 00 Praha 1<\/p>\n<p>[\/et_pb_text][et_pb_text _builder_version=&#8220;4.27.0&#8243; _module_preset=&#8220;default&#8220; text_letter_spacing=&#8220;2px&#8220; background_layout=&#8220;dark&#8220; custom_padding=&#8220;20px|20px|20px|20px|true|true&#8220; border_width_left=&#8220;1px&#8220; border_color_left=&#8220;#f58220&#8243; global_colors_info=&#8220;{%22gcid-primary-color%22:%91%22border_color_left%22%93}&#8220;]<\/p>\n<p>t e l . :<br \/>+420 601 505 582<\/p>\n<p>[\/et_pb_text][\/et_pb_column_inner][et_pb_column_inner type=&#8220;1_2&#8243; saved_specialty_column_type=&#8220;1_2&#8243; _builder_version=&#8220;4.27.0&#8243; _module_preset=&#8220;default&#8220; global_colors_info=&#8220;{}&#8220;][et_pb_text _builder_version=&#8220;4.27.0&#8243; _module_preset=&#8220;default&#8220; text_letter_spacing=&#8220;2px&#8220; background_layout=&#8220;dark&#8220; custom_padding=&#8220;20px|20px|20px|20px|true|true&#8220; border_width_left=&#8220;1px&#8220; border_color_left=&#8220;#f58220&#8243; global_colors_info=&#8220;{%22gcid-primary-color%22:%91%22border_color_left%22%93}&#8220;]<\/p>\n<p>info@pacciani.cz<br \/>www.pacciani.cz<\/p>\n<p>[\/et_pb_text][\/et_pb_column_inner][\/et_pb_row_inner][\/et_pb_column][\/et_pb_section][et_pb_section fb_built=&#8220;1&#8243; fullwidth=&#8220;on&#8220; module_id=&#8220;mapa&#8220; _builder_version=&#8220;4.27.0&#8243; _module_preset=&#8220;default&#8220; global_colors_info=&#8220;{}&#8220;][et_pb_fullwidth_code _builder_version=&#8220;4.27.0&#8243; _module_preset=&#8220;default&#8220; global_colors_info=&#8220;{}&#8220;]<\/p>\n<div style=\"-webkit-filter: grayscale(100%);<!-- [et_pb_line_break_holder] -->            filter: grayscale(100%);&#8220;><iframe src=\"https:\/\/www.google.com\/maps\/embed?pb=!1m17!1m12!1m3!1d159.98832187853108!2d14.425305385970068!3d50.08978510517993!2m3!1f0!2f0!3f0!3m2!1i1024!2i768!4f13.1!3m2!1m1!2zNTDCsDA1JzIzLjIiTiAxNMKwMjUnMzEuNyJF!5e0!3m2!1scs!2scz!4v1721640810318!5m2!1scs!2scz\" width=\"100%\" height=\"450\" style=\"border:0;\" allowfullscreen=\"\" loading=\"lazy\" referrerpolicy=\"no-referrer-when-downgrade\"><\/iframe><\/div>\n<p>[\/et_pb_fullwidth_code][\/et_pb_section]<\/p>\n","protected":false},"excerpt":{"rendered":"<p>Sklenka v\u00fdjime\u010dn\u00e9ho v\u00edna, prav\u00e9 italsk\u00e9 speciality a v\u016fn\u011b \u010derstv\u00e9 k\u00e1vy \u2014 to v\u0161e v elegantn\u00ed atmosf\u00e9\u0159e s n\u00e1dechem It\u00e1lie.Pacciani Wine &amp; Food je vin\u00e1rna, kter\u00e1 spojuje l\u00e1sku k v\u00ednu, italsk\u00e9mu \u017eivotn\u00edmu stylu a pohodov\u00e9 atmosf\u00e9\u0159e.Najdete n\u00e1s v samotn\u00e9m centru Prahy, v m\u00edst\u011b, kde se zastav\u00ed \u010das a ka\u017ed\u00e1 n\u00e1v\u0161t\u011bva se prom\u011bn\u00ed v mal\u00fd gurm\u00e1nsk\u00fd z\u00e1\u017eitek.Interi\u00e9r [&hellip;]<\/p>\n","protected":false},"author":1,"featured_media":0,"parent":0,"menu_order":0,"comment_status":"closed","ping_status":"closed","template":"","meta":{"_et_pb_use_builder":"on","_et_pb_old_content":"<!-- wp:paragraph -->\n<p>This is an example page. It's different from a blog post because it will stay in one place and will show up in your site navigation (in most themes). Most people start with an About page that introduces them to potential site visitors. It might say something like this:<\/p>\n<!-- \/wp:paragraph -->\n\n<!-- wp:quote -->\n<blockquote class=\"wp-block-quote\"><p>Hi there! I'm a bike messenger by day, aspiring actor by night, and this is my website. I live in Los Angeles, have a great dog named Jack, and I like pi&#241;a coladas. (And gettin' caught in the rain.)<\/p><\/blockquote>\n<!-- \/wp:quote -->\n\n<!-- wp:paragraph -->\n<p>...or something like this:<\/p>\n<!-- \/wp:paragraph -->\n\n<!-- wp:quote -->\n<blockquote class=\"wp-block-quote\"><p>The XYZ Doohickey Company was founded in 1971, and has been providing quality doohickeys to the public ever since. Located in Gotham City, XYZ employs over 2,000 people and does all kinds of awesome things for the Gotham community.<\/p><\/blockquote>\n<!-- \/wp:quote -->\n\n<!-- wp:paragraph -->\n<p>As a new WordPress user, you should go to <a href=\"https:\/\/pacciani.cz\/wp-admin\/\">your dashboard<\/a> to delete this page and create new pages for your content. Have fun!<\/p>\n<!-- \/wp:paragraph -->","_et_gb_content_width":"","footnotes":""},"class_list":["post-2","page","type-page","status-publish","hentry"],"_links":{"self":[{"href":"https:\/\/pacciani.cz\/index.php\/wp-json\/wp\/v2\/pages\/2","targetHints":{"allow":["GET"]}}],"collection":[{"href":"https:\/\/pacciani.cz\/index.php\/wp-json\/wp\/v2\/pages"}],"about":[{"href":"https:\/\/pacciani.cz\/index.php\/wp-json\/wp\/v2\/types\/page"}],"author":[{"embeddable":true,"href":"https:\/\/pacciani.cz\/index.php\/wp-json\/wp\/v2\/users\/1"}],"replies":[{"embeddable":true,"href":"https:\/\/pacciani.cz\/index.php\/wp-json\/wp\/v2\/comments?post=2"}],"version-history":[{"count":9,"href":"https:\/\/pacciani.cz\/index.php\/wp-json\/wp\/v2\/pages\/2\/revisions"}],"predecessor-version":[{"id":65,"href":"https:\/\/pacciani.cz\/index.php\/wp-json\/wp\/v2\/pages\/2\/revisions\/65"}],"wp:attachment":[{"href":"https:\/\/pacciani.cz\/index.php\/wp-json\/wp\/v2\/media?parent=2"}],"curies":[{"name":"wp","href":"https:\/\/api.w.org\/{rel}","templated":true}]}}